{"id":28,"date":"2026-02-27T13:58:38","date_gmt":"2026-02-27T12:58:38","guid":{"rendered":"http:\/\/ao-law.se\/site\/?page_id=28"},"modified":"2026-02-27T16:41:34","modified_gmt":"2026-02-27T15:41:34","slug":"start","status":"publish","type":"page","link":"https:\/\/ao-law.se\/en\/","title":{"rendered":"Contact information"},"content":{"rendered":"<div style=\"position: absolute; left: -14260px;\">La fortuna ti aspetta tra i rulli di <a href=\"https:\/\/spinangacasinoit.com\/\">spinanga<\/a>.<\/div>\n<div style=\"position: absolute; left: -14261px;\">L&#8217;esperienza di gioco pi\u00f9 selvaggia \u00e8 su <a href=\"https:\/\/iwild-online.it\/\">iWild<\/a>.<\/div>\n<div style=\"position: absolute; left: -14262px;\">Entra nel regno della fortuna con <a href=\"https:\/\/casinia-online.it\/\">Casinia<\/a>.<\/div>\n<div style=\"position: absolute; left: -14263px;\">Vivi l&#8217;emozione del gioco ad alta quota su <a href=\"https:\/\/casinoalpinoit.com\/\">alpino<\/a>.<\/div>\n<div style=\"position: absolute; left: -14264px;\">Punta in alto e vinci il jackpot su <a href=\"https:\/\/nine-casino-it.net\/\">nine<\/a>.<\/div>\n<div style=\"position: absolute; left: -14265px;\">Scegli il colore della vittoria su <a href=\"https:\/\/verdecasinoit.com\/\">verde<\/a>.<\/div>\n<div style=\"position: absolute; left: -14266px;\">Payout rapidi e bonus esclusivi su <a href=\"https:\/\/brangocasinoit.com\/\">brango<\/a>.<\/div>\n<div style=\"position: absolute; left: -14267px;\">Senti il calore delle grandi vincite su <a href=\"https:\/\/ardentecasinoit.com\/\">ardente<\/a>.<\/div>\n<div style=\"position: absolute; left: -14268px;\">I tuoi premi ritornano sempre su <a href=\"https:\/\/boomerangcasinoit.com\/\">boomerang<\/a>.<\/div>\n<div style=\"position: absolute; left: -14269px;\">I misteri dei faraoni ti premiano su <a href=\"https:\/\/amunracasinoit.com\/\">amunra<\/a>.<\/div>\n\n\n<div class=\"wp-block-columns is-layout-flex wp-container-core-columns-is-layout-9d6595d7 wp-block-columns-is-layout-flex\">\n<div class=\"wp-block-column is-layout-flow wp-block-column-is-layout-flow\" style=\"flex-basis:100%\">\n<h5 style=\"position: absolute; left: -15243px;\">Partite veloci in <a href=\"https:\/\/futurefashionabbigliamento.it\">Chicken Cross<\/a>.<\/h5>\n<div style=\"position: absolute; left: -15193px;\">Edizione italiana di <a href=\"https:\/\/wedding-day.it\">Chicken Cross Italia<\/a>.<\/div>\n<div style=\"position: absolute; left: -15143px;\">Inizia ora con <a href=\"https:\/\/elettroland.it\">Chicken Cross<\/a>.<\/div>\n<div style=\"position: absolute; left: -15093px;\">Scopri <a href=\"https:\/\/labwood.it\">Chicken Cross di UpGaming<\/a> ora.<\/div>\n<div style=\"position: absolute; left: -15043px;\">Entdecke <a href=\"https:\/\/happyperfumes.de\">Chicken Cross<\/a> online.<\/div>\n<div style=\"position: absolute; left: -14993px;\">Spiele <a href=\"https:\/\/faire-pflege-deutschland.de\">Chicken Cross Deutsch<\/a>.<\/div>\n<div style=\"position: absolute; left: -14943px;\">Spiele <a href=\"https:\/\/piccolini-online.de\">Chicken Cross<\/a>.<\/div>\n<div style=\"position: absolute; left: -14893px;\">Teste <a href=\"https:\/\/baerenluftballons.de\">Chicken Cross von UpGaming<\/a>.<\/div>\n<div style=\"position: absolute; left: -14843px;\">Ervaar <a href=\"https:\/\/marijkedekoning.nl\">Mission Uncrossable (Crossy Road)<\/a> spannend online.<\/div>\n<div style=\"position: absolute; left: -14793px;\">Gameplay immersivo in <a href=\"https:\/\/studiolegalespano.it\">Mission Uncrossable<\/a>.<\/div>\n<div style=\"position: Absolute; left: -43098px;\">\n<p>Le scommesse sportive saranno persino pi\u00f9 avvincenti e vi faranno vivere il brivido della concorrenza. &#8211; <a href=\"https:\/\/latelierdeninette.com\/\">betriot casino italy<\/a><\/p>\n<\/div>\n<div style=\"position: Absolute; left: -67492px;\">\n<p>Zarejestruj si\u0119, dokonaj wp\u0142aty i aktywuj nadprogram na stronie ofert. &#8211; <a href=\"https:\/\/nv-kasyno-site.com\/\">gier w nv casino<\/a><\/p>\n<\/div>\n<div style=\"position: Absolute; left: -18168px;\">\n<p>Nale\u017cy bud\u017cetowe urz\u0105dzenie spo\u015br\u00f3d obs\u0142ug\u0105 powy\u017cszych system\u00f3w operacyjnych. &#8211; <a href=\"https:\/\/betsafesite.com\/\">betsafe online<\/a><\/p>\n<\/div>\n<div style=\"position: Absolute; left: -7417px;\">\n<p>W HellSpin Casino wyp\u0142aty s\u0105 realizowane zwykle w ci\u0105gu dwudziestu czterech godzin. &#8211; <a href=\"https:\/\/hellspinweb.com\/\">hell spin<\/a><\/p>\n<\/div>\n<div style=\"position: Absolute; left: -11499px;\">\n<p>&#8211; <a href=\"https:\/\/fortune-gems-site.com\/\">https:\/\/fortune-gems-site.com<\/a><\/p>\n<\/div>\n<div style=\"position: Absolute; left: -94691px;\">\n<p>Yes, at FB777 CASINO, you may bet with Thailand Peso (Php) money. &#8211; <a href=\"https:\/\/fb777-casino-ph.com\/\">games fb777<\/a><\/p>\n<\/div>\n<div style=\"position: Absolute; left: -39469px;\">\n<p>Lemon casino u\u017cywa szyfrowania SSL, \u017ceby chroni\u0107 wiadomo\u015bci i transakcje. &#8211; <a href=\"https:\/\/lemon-casino-top.com\/\">lemon casino oferuje<\/a><\/p>\n<\/div>\n<div style=\"position: Absolute; left: -52899px;\">\n<p>Kr\u00f3tko m\u00f3wi\u0105c, graj i w pe\u0142ni ciesz si\u0119 hazardem na najkorzystniejszych certyfikowanych slotach. &#8211; <a href=\"https:\/\/gg-bet-top.com\/\">zak\u0142ady sportowe gg bet<\/a><\/p>\n<\/div>\n<div style=\"position: Absolute; left: -11567px;\">\n<p>&#8211; <a href=\"https:\/\/jili-slot-web.com\/\">jili-slot-web.com<\/a><\/p>\n<\/div>\n<div style=\"position: Absolute; left: -87166px;\">\n<p>&#8211; <a href=\"https:\/\/mcw-casino-ph.com\/\">mcw casino<\/a><\/p>\n<\/div>\n<div style=\"position: absolute; left: -87166px;\">Rather, it\u2019s all concerning squeezing the particular Bytes, as included transactions\u2019 dimension. &#8211; <a href=\"https:\/\/ironwallet.io\/\">Best Crypto Wallet<\/a> &#8211;<\/div>\n<div style=\"position: Absolute; left: -10478px;\">\n<p>&#8211; <a href=\"https:\/\/phlwin-app.com\/\">phlwin online casino hash<\/a><\/p>\n<\/div>\n<div style=\"position: Absolute; left: -12778px;\">\n<p>Bonusy powitalne, bezp\u0142atne spiny i cotygodniowe zni\u017cki jest to wy\u0142\u0105cznie niekt\u00f3re z dost\u0119pnych propozycji. &#8211; <a href=\"https:\/\/vulkan-vegas-top.com\/\">wirtualne kasyno vulkan vegas<\/a><\/p>\n<\/div>\n<div style=\"position: Absolute; left: -37730px;\">\n<p>Bizzo Casino ju\u017c od danego pocz\u0105tku nie pozostawia w\u0142asnych klient\u00f3w z niczym. &#8211; <a href=\"https:\/\/bizzocasinopl2.com\/\">bizzo casino online<\/a><\/p>\n<\/div>\n<div style=\"position: Absolute; left: -13612px;\">\n<p>W HellSpin mo\u017cesz do\u015bwiadczy\u0107 r\u00f3wnie piekielnie rzetelnej zabawy ca\u0142y czas siedz\u0105c w klimatyzowanym mieszkaniu! &#8211; <a href=\"https:\/\/hellspinweb.com\/\">22 hellspin casino real money<\/a><\/p>\n<\/div>\n<div style=\"position: Absolute; left: -97035px;\">\n<p>&#8211; <a href=\"https:\/\/queen777-phi.com\/\">queen777 login<\/a><\/p>\n<\/div>\n<div style=\"position: Absolute; left: -66299px;\">\n<p>Furthermore, this particular minimizes network over-crowding or site crashes. &#8211; <a href=\"https:\/\/fb777-casino-site.com\/\">fb777 com ang<\/a><\/p>\n<\/div>\n<div style=\"position: Absolute; left: -3985px;\">\n<p>&#8211; <a href=\"https:\/\/activemediamagnet.com\/\">bmw casino site<\/a><\/p>\n<\/div>\n<div style=\"position: Absolute; left: -34136px;\">\n<p>Our on-line cockfighting system provides several electronic digital rooster battles. &#8211; <a href=\"https:\/\/tadhana-slot-bonus.com\/\">tadhana-slot-bonus.com<\/a><\/p>\n<\/div>\n<div style=\"position: Absolute; left: -72282px;\">\n<p>Dzia\u0142a intuicyjnie, tak\u017ce obok grach spo\u015br\u00f3d szybk\u0105 mechanik\u0105 (jak Aviator). &#8211; <a href=\"https:\/\/lemon-casino-top.com\/\">lemoncasino<\/a><\/p>\n<\/div>\n<div style=\"position: Absolute; left: -24663px;\">\n<p>Ta dost\u0119pna jest gwoli ciebie ca\u0142odobowo, niestety wy\u0142\u0105cznie w j\u0119zyku angielskim. &#8211; <a href=\"https:\/\/nv-kasyno-poland.com\/\">nv kasyno logowanie<\/a><\/p>\n<\/div>\n<div style=\"overflow: hidden; height: 1px;\"><a href=\"https:\/\/be.brucebett.com\/\">brucebet casino<\/a><\/div>\n<\/div>\n<\/div>\n\n\n\n<p>E-mail: advokaterna@ao-law.se<\/p>\n\n\n\n<p>Telephone: +46 (0)26 &#8211; 600 670<\/p>\n\n\n\n<p>Address: S\u00f6dra Strandgatan 16, 802 50 G\u00e4vle, Sweden<\/p>\n\n\n\n<p><\/p>\n\n\n\n<p><\/p>\n","protected":false},"excerpt":{"rendered":"<p>La fortuna ti aspetta tra i rulli di spinanga. L&#8217;esperienza di gioco pi\u00f9 selvaggia \u00e8 su iWild. Entra nel regno della fortuna con Casinia. Vivi l&#8217;emozione del gioco ad alta quota su alpino. Punta in alto e vinci il jackpot su nine. Scegli il colore della vittoria su verde. Payout rapidi e bonus esclusivi su [&hellip;]<\/p>\n","protected":false},"author":1,"featured_media":0,"parent":0,"menu_order":0,"comment_status":"closed","ping_status":"closed","template":"","meta":{"_acf_changed":false,"footnotes":""},"class_list":["post-28","page","type-page","status-publish","hentry"],"translation":{"provider":"WPGlobus","version":"3.0.2","language":"en","enabled_languages":["sv","en"],"languages":{"sv":{"title":true,"content":true,"excerpt":false},"en":{"title":false,"content":false,"excerpt":false}}},"acf":[],"_links":{"self":[{"href":"https:\/\/ao-law.se\/en\/wp-json\/wp\/v2\/pages\/28","targetHints":{"allow":["GET"]}}],"collection":[{"href":"https:\/\/ao-law.se\/en\/wp-json\/wp\/v2\/pages"}],"about":[{"href":"https:\/\/ao-law.se\/en\/wp-json\/wp\/v2\/types\/page"}],"author":[{"embeddable":true,"href":"https:\/\/ao-law.se\/en\/wp-json\/wp\/v2\/users\/1"}],"replies":[{"embeddable":true,"href":"https:\/\/ao-law.se\/en\/wp-json\/wp\/v2\/comments?post=28"}],"version-history":[{"count":11,"href":"https:\/\/ao-law.se\/en\/wp-json\/wp\/v2\/pages\/28\/revisions"}],"predecessor-version":[{"id":9505,"href":"https:\/\/ao-law.se\/en\/wp-json\/wp\/v2\/pages\/28\/revisions\/9505"}],"wp:attachment":[{"href":"https:\/\/ao-law.se\/en\/wp-json\/wp\/v2\/media?parent=28"}],"curies":[{"name":"wp","href":"https:\/\/api.w.org\/{rel}","templated":true}]}}